{"id":1867,"date":"2026-01-05T14:14:33","date_gmt":"2026-01-05T14:14:33","guid":{"rendered":"https:\/\/elsoudi-paper.com\/portee-mondiale\/"},"modified":"2026-03-10T13:41:51","modified_gmt":"2026-03-10T13:41:51","slug":"portee-mondiale","status":"publish","type":"page","link":"https:\/\/elsoudi-paper.com\/fr\/portee-mondiale\/","title":{"rendered":"port\u00e9e mondiale"},"content":{"rendered":"\t\t<div data-elementor-type=\"wp-page\" data-elementor-id=\"1867\" class=\"elementor elementor-1867 elementor-427\" data-elementor-post-type=\"page\">\n\t\t\t\t<div class=\"elementor-element elementor-element-6bc7312 e-flex e-con-boxed e-con e-parent\" data-id=\"6bc7312\" data-element_type=\"container\" data-e-type=\"container\" data-settings=\"{&quot;background_background&quot;:&quot;classic&quot;}\">\n\t\t\t\t\t<div class=\"e-con-inner\">\n\t\t\t\t<div class=\"elementor-element elementor-element-86f9785 elementor-invisible elementor-widget elementor-widget-heading\" data-id=\"86f9785\" data-element_type=\"widget\" data-e-type=\"widget\" data-settings=\"{&quot;_animation&quot;:&quot;fadeInUp&quot;}\" data-widget_type=\"heading.default\">\n\t\t\t\t\t<h2 class=\"elementor-heading-title elementor-size-default\">\u00c9tendre notre pr\u00e9sence \u00e0 travers le monde<\/h2>\t\t\t\t<\/div>\n\t\t\t\t<div class=\"elementor-element elementor-element-ed441e0 elementor-widget__width-initial elementor-invisible elementor-widget elementor-widget-text-editor\" data-id=\"ed441e0\" data-element_type=\"widget\" data-e-type=\"widget\" data-settings=\"{&quot;_animation&quot;:&quot;fadeInUp&quot;}\" data-widget_type=\"text-editor.default\">\n\t\t\t\t\t\t\t\t\t<p>Livraison de produits en papier certifi\u00e9s de qualit\u00e9 en Afrique, en Europe et au-del\u00e0.<\/p>\t\t\t\t\t\t\t\t<\/div>\n\t\t<div class=\"elementor-element elementor-element-2d8d5c8 e-con-full e-flex elementor-invisible e-con e-child\" data-id=\"2d8d5c8\" data-element_type=\"container\" data-e-type=\"container\" data-settings=\"{&quot;animation&quot;:&quot;fadeInUp&quot;}\">\n\t\t\t\t<div class=\"elementor-element elementor-element-69885f5 elementor-align-justify elementor-widget elementor-widget-button\" data-id=\"69885f5\" data-element_type=\"widget\" data-e-type=\"widget\" data-widget_type=\"button.default\">\n\t\t\t\t\t\t\t\t\t\t<a class=\"elementor-button elementor-button-link elementor-size-sm\" href=\"https:\/\/elsoudi-paper.com\/fr\/produits\/\">\n\t\t\t\t\t\t<span class=\"elementor-button-content-wrapper\">\n\t\t\t\t\t\t\t\t\t<span class=\"elementor-button-text\">D\u00e9couvrez nos produits<\/span>\n\t\t\t\t\t<\/span>\n\t\t\t\t\t<\/a>\n\t\t\t\t\t\t\t\t<\/div>\n\t\t\t\t<div class=\"elementor-element elementor-element-d651692 elementor-align-justify elementor-widget elementor-widget-button\" data-id=\"d651692\" data-element_type=\"widget\" data-e-type=\"widget\" data-widget_type=\"button.default\">\n\t\t\t\t\t\t\t\t\t\t<a class=\"elementor-button elementor-button-link elementor-size-sm\" href=\"https:\/\/elsoudi-paper.com\/fr\/contactez-nous-international\/\">\n\t\t\t\t\t\t<span class=\"elementor-button-content-wrapper\">\n\t\t\t\t\t\t\t\t\t<span class=\"elementor-button-text\">Demander un devis<\/span>\n\t\t\t\t\t<\/span>\n\t\t\t\t\t<\/a>\n\t\t\t\t\t\t\t\t<\/div>\n\t\t\t\t<\/div>\n\t\t\t\t\t<\/div>\n\t\t\t\t<\/div>\n\t\t<div class=\"elementor-element elementor-element-90fe223 e-flex e-con-boxed e-con e-parent\" data-id=\"90fe223\" data-element_type=\"container\" data-e-type=\"container\" data-settings=\"{&quot;background_background&quot;:&quot;classic&quot;}\">\n\t\t\t\t\t<div class=\"e-con-inner\">\n\t\t\t\t<div class=\"elementor-element elementor-element-93034ef elementor-widget elementor-widget-heading\" data-id=\"93034ef\" data-element_type=\"widget\" data-e-type=\"widget\" data-widget_type=\"heading.default\">\n\t\t\t\t\t<h2 class=\"elementor-heading-title elementor-size-default\">Port\u00e9e mondiale<\/h2>\t\t\t\t<\/div>\n\t\t\t\t<div class=\"elementor-element elementor-element-c787318 elementor-widget elementor-widget-heading\" data-id=\"c787318\" data-element_type=\"widget\" data-e-type=\"widget\" data-widget_type=\"heading.default\">\n\t\t\t\t\t<h2 class=\"elementor-heading-title elementor-size-default\">Qualit\u00e9 de pointe, <span class=\"color\">confiance mondiale<\/span><\/h2>\t\t\t\t<\/div>\n\t\t<div class=\"elementor-element elementor-element-57ed140 e-con-full e-flex e-con e-child\" data-id=\"57ed140\" data-element_type=\"container\" data-e-type=\"container\">\n\t\t<div class=\"elementor-element elementor-element-42f02c9 e-con-full e-flex elementor-invisible e-con e-child\" data-id=\"42f02c9\" data-element_type=\"container\" data-e-type=\"container\" data-settings=\"{&quot;animation&quot;:&quot;fadeInLeft&quot;}\">\n\t\t\t\t<div class=\"elementor-element elementor-element-be897a5 elementor-widget__width-initial elementor-widget elementor-widget-image\" data-id=\"be897a5\" data-element_type=\"widget\" data-e-type=\"widget\" data-widget_type=\"image.default\">\n\t\t\t\t\t\t\t\t\t\t\t\t\t\t\t<img fetchpriority=\"high\" decoding=\"async\" width=\"249\" height=\"358\" src=\"https:\/\/elsoudi-paper.com\/wp-content\/uploads\/2026\/01\/Rectangle-57.png\" class=\"attachment-large size-large wp-image-1863\" alt=\"\" srcset=\"https:\/\/elsoudi-paper.com\/wp-content\/uploads\/2026\/01\/Rectangle-57.png 249w, https:\/\/elsoudi-paper.com\/wp-content\/uploads\/2026\/01\/Rectangle-57-209x300.png 209w\" sizes=\"(max-width: 249px) 100vw, 249px\" \/>\t\t\t\t\t\t\t\t\t\t\t\t\t\t\t<\/div>\n\t\t\t\t<div class=\"elementor-element elementor-element-0d4215f elementor-widget__width-initial elementor-widget elementor-widget-image\" data-id=\"0d4215f\" data-element_type=\"widget\" data-e-type=\"widget\" data-widget_type=\"image.default\">\n\t\t\t\t\t\t\t\t\t\t\t\t\t\t\t<img decoding=\"async\" width=\"300\" height=\"522\" src=\"https:\/\/elsoudi-paper.com\/wp-content\/uploads\/2026\/01\/Rectangle-56.png\" class=\"attachment-large size-large wp-image-1864\" alt=\"\" srcset=\"https:\/\/elsoudi-paper.com\/wp-content\/uploads\/2026\/01\/Rectangle-56.png 300w, https:\/\/elsoudi-paper.com\/wp-content\/uploads\/2026\/01\/Rectangle-56-172x300.png 172w\" sizes=\"(max-width: 300px) 100vw, 300px\" \/>\t\t\t\t\t\t\t\t\t\t\t\t\t\t\t<\/div>\n\t\t\t\t<\/div>\n\t\t<div class=\"elementor-element elementor-element-1168790 e-con-full e-flex elementor-invisible e-con e-child\" data-id=\"1168790\" data-element_type=\"container\" data-e-type=\"container\" data-settings=\"{&quot;animation&quot;:&quot;fadeInRight&quot;}\">\n\t\t\t\t<div class=\"elementor-element elementor-element-6062844 elementor-widget elementor-widget-heading\" data-id=\"6062844\" data-element_type=\"widget\" data-e-type=\"widget\" data-widget_type=\"heading.default\">\n\t\t\t\t\t<h2 class=\"elementor-heading-title elementor-size-default\">Confiance mondiale, croissance \u00e9prouv\u00e9e<\/h2>\t\t\t\t<\/div>\n\t\t\t\t<div class=\"elementor-element elementor-element-dd569c6 elementor-widget elementor-widget-text-editor\" data-id=\"dd569c6\" data-element_type=\"widget\" data-e-type=\"widget\" data-widget_type=\"text-editor.default\">\n\t\t\t\t\t\t\t\t\t<p>El Soudi for Paper jouit d&rsquo;une solide reconnaissance internationale et s&rsquo;est impos\u00e9 comme un partenaire de confiance sur les march\u00e9s africains et europ\u00e9ens. Depuis le d\u00e9but de ses exportations en 2010 via les \u00c9mirats arabes unis, l&rsquo;entreprise a enregistr\u00e9 une croissance r\u00e9guli\u00e8re d&rsquo;ann\u00e9e en ann\u00e9e, les exportations repr\u00e9sentant 19 % de son chiffre d&rsquo;affaires total en 2022. Ce succ\u00e8s t\u00e9moigne de notre engagement envers des normes de qualit\u00e9 \u00e9lev\u00e9es, des prix comp\u00e9titifs et des partenariats clients durables. Ax\u00e9e sur la responsabilit\u00e9 et l&rsquo;excellence constante de ses produits, El Soudi for Paper poursuit son expansion mondiale et renforce sa r\u00e9putation sur divers march\u00e9s.   <\/p>\t\t\t\t\t\t\t\t<\/div>\n\t\t\t\t<\/div>\n\t\t\t\t<\/div>\n\t\t\t\t\t<\/div>\n\t\t\t\t<\/div>\n\t\t<div class=\"elementor-element elementor-element-3dc1b9d e-flex e-con-boxed e-con e-parent\" data-id=\"3dc1b9d\" data-element_type=\"container\" data-e-type=\"container\">\n\t\t\t\t\t<div class=\"e-con-inner\">\n\t\t\t\t<div class=\"elementor-element elementor-element-eee37be elementor-widget elementor-widget-heading\" data-id=\"eee37be\" data-element_type=\"widget\" data-e-type=\"widget\" data-widget_type=\"heading.default\">\n\t\t\t\t\t<h2 class=\"elementor-heading-title elementor-size-default\">D\u00e9velopper notre pr\u00e9sence dans le monde entier<\/h2>\t\t\t\t<\/div>\n\t\t\t\t<div class=\"elementor-element elementor-element-14e71b8 elementor-widget elementor-widget-heading\" data-id=\"14e71b8\" data-element_type=\"widget\" data-e-type=\"widget\" data-widget_type=\"heading.default\">\n\t\t\t\t\t<h2 class=\"elementor-heading-title elementor-size-default\">Nous desservons diverses r\u00e9gions avec une qualit\u00e9 constante et des performances \u00e9prouv\u00e9es.<\/h2>\t\t\t\t<\/div>\n\t\t\t\t<div class=\"elementor-element elementor-element-1dfb68b elementor-invisible elementor-widget elementor-widget-image\" data-id=\"1dfb68b\" data-element_type=\"widget\" data-e-type=\"widget\" data-settings=\"{&quot;_animation&quot;:&quot;fadeInUp&quot;}\" data-widget_type=\"image.default\">\n\t\t\t\t\t\t\t\t\t\t\t\t\t\t\t<img decoding=\"async\" width=\"800\" height=\"527\" src=\"https:\/\/elsoudi-paper.com\/wp-content\/uploads\/2026\/02\/image-24.png\" class=\"attachment-large size-large wp-image-1865\" alt=\"\" srcset=\"https:\/\/elsoudi-paper.com\/wp-content\/uploads\/2026\/02\/image-24.png 1011w, https:\/\/elsoudi-paper.com\/wp-content\/uploads\/2026\/02\/image-24-300x198.png 300w, https:\/\/elsoudi-paper.com\/wp-content\/uploads\/2026\/02\/image-24-768x506.png 768w, https:\/\/elsoudi-paper.com\/wp-content\/uploads\/2026\/02\/image-24-600x395.png 600w\" sizes=\"(max-width: 800px) 100vw, 800px\" \/>\t\t\t\t\t\t\t\t\t\t\t\t\t\t\t<\/div>\n\t\t\t\t\t<\/div>\n\t\t\t\t<\/div>\n\t\t<div class=\"elementor-element elementor-element-737db8c e-flex e-con-boxed e-con e-parent\" data-id=\"737db8c\" data-element_type=\"container\" data-e-type=\"container\">\n\t\t\t\t\t<div class=\"e-con-inner\">\n\t\t\t\t<div class=\"elementor-element elementor-element-5a01bc3 elementor-widget elementor-widget-heading\" data-id=\"5a01bc3\" data-element_type=\"widget\" data-e-type=\"widget\" data-widget_type=\"heading.default\">\n\t\t\t\t\t<h2 class=\"elementor-heading-title elementor-size-default\">Exportations en hausse. Impact croissant. <\/h2>\t\t\t\t<\/div>\n\t\t\t\t<div class=\"elementor-element elementor-element-c18ce7d elementor-widget elementor-widget-heading\" data-id=\"c18ce7d\" data-element_type=\"widget\" data-e-type=\"widget\" data-widget_type=\"heading.default\">\n\t\t\t\t\t<h2 class=\"elementor-heading-title elementor-size-default\">Port\u00e9es par la qualit\u00e9 et la confiance, <span class=\"color\">nos exportations n'ont cess\u00e9 de cro\u00eetre sur les march\u00e9s internationaux.<\/span><\/h2>\t\t\t\t<\/div>\n\t\t\t\t<div class=\"elementor-element elementor-element-5df5f98 elementor-widget__width-initial elementor-invisible elementor-widget elementor-widget-image\" data-id=\"5df5f98\" data-element_type=\"widget\" data-e-type=\"widget\" data-settings=\"{&quot;_animation&quot;:&quot;fadeInUp&quot;}\" data-widget_type=\"image.default\">\n\t\t\t\t\t\t\t\t\t\t\t\t\t\t\t<img loading=\"lazy\" decoding=\"async\" width=\"800\" height=\"416\" src=\"https:\/\/elsoudi-paper.com\/wp-content\/uploads\/2026\/02\/Chart-8.png\" class=\"attachment-large size-large wp-image-1866\" alt=\"\" srcset=\"https:\/\/elsoudi-paper.com\/wp-content\/uploads\/2026\/02\/Chart-8.png 992w, https:\/\/elsoudi-paper.com\/wp-content\/uploads\/2026\/02\/Chart-8-300x156.png 300w, https:\/\/elsoudi-paper.com\/wp-content\/uploads\/2026\/02\/Chart-8-768x399.png 768w, https:\/\/elsoudi-paper.com\/wp-content\/uploads\/2026\/02\/Chart-8-600x312.png 600w\" sizes=\"(max-width: 800px) 100vw, 800px\" \/>\t\t\t\t\t\t\t\t\t\t\t\t\t\t\t<\/div>\n\t\t\t\t\t<\/div>\n\t\t\t\t<\/div>\n\t\t\t\t<\/div>\n\t\t","protected":false},"excerpt":{"rendered":"<p>\u00c9tendre notre pr\u00e9sence \u00e0 travers le monde Livraison de produits en papier certifi\u00e9s de qualit\u00e9 en Afrique, en Europe et au-del\u00e0. D\u00e9couvrez nos produits Demander un devis Port\u00e9e mondiale Qualit\u00e9 de pointe, confiance mondiale Confiance mondiale, croissance \u00e9prouv\u00e9e El Soudi for Paper jouit d&rsquo;une solide reconnaissance internationale et s&rsquo;est impos\u00e9 comme un partenaire de confiance [&hellip;]<\/p>\n","protected":false},"author":1,"featured_media":0,"parent":0,"menu_order":0,"comment_status":"closed","ping_status":"closed","template":"","meta":{"_acf_changed":false,"footnotes":""},"class_list":["post-1867","page","type-page","status-publish","hentry"],"acf":[],"_links":{"self":[{"href":"https:\/\/elsoudi-paper.com\/fr\/wp-json\/wp\/v2\/pages\/1867","targetHints":{"allow":["GET"]}}],"collection":[{"href":"https:\/\/elsoudi-paper.com\/fr\/wp-json\/wp\/v2\/pages"}],"about":[{"href":"https:\/\/elsoudi-paper.com\/fr\/wp-json\/wp\/v2\/types\/page"}],"author":[{"embeddable":true,"href":"https:\/\/elsoudi-paper.com\/fr\/wp-json\/wp\/v2\/users\/1"}],"replies":[{"embeddable":true,"href":"https:\/\/elsoudi-paper.com\/fr\/wp-json\/wp\/v2\/comments?post=1867"}],"version-history":[{"count":4,"href":"https:\/\/elsoudi-paper.com\/fr\/wp-json\/wp\/v2\/pages\/1867\/revisions"}],"predecessor-version":[{"id":2975,"href":"https:\/\/elsoudi-paper.com\/fr\/wp-json\/wp\/v2\/pages\/1867\/revisions\/2975"}],"wp:attachment":[{"href":"https:\/\/elsoudi-paper.com\/fr\/wp-json\/wp\/v2\/media?parent=1867"}],"curies":[{"name":"wp","href":"https:\/\/api.w.org\/{rel}","templated":true}]}}