{"id":3155,"date":"2026-04-01T11:55:30","date_gmt":"2026-04-01T11:55:30","guid":{"rendered":"https:\/\/elsoudi-paper.com\/product\/flute-haute-performance-6\/"},"modified":"2026-04-01T14:52:38","modified_gmt":"2026-04-01T14:52:38","slug":"flute-haute-performance-6","status":"publish","type":"product","link":"https:\/\/elsoudi-paper.com\/fr\/produit\/flute-haute-performance-6\/","title":{"rendered":"Fl\u00fbte haute performance"},"content":{"rendered":"<section class=\"ob-is-breaking-bad elementor-section elementor-top-section elementor-element elementor-element-598c81d elementor-section-boxed elementor-section-height-default elementor-section-height-default wpr-particle-no wpr-jarallax-no wpr-parallax-no wpr-sticky-section-no\" data-id=\"598c81d\" data-element_type=\"section\" data-settings=\"{\"background_background\":\"classic\",\"_ob_bbad_use_it\":\"yes\",\"_ob_bbad_sssic_use\":\"no\",\"_ob_glider_is_slider\":\"no\",\"_ha_eqh_enable\":false}\">\n<div class=\"elementor-container elementor-column-gap-default\">\n<div class=\"elementor-column elementor-col-50 elementor-top-column elementor-element elementor-element-67f16c0\" data-id=\"67f16c0\" data-element_type=\"column\" data-settings=\"{\"_ob_bbad_is_stalker\":\"no\",\"_ob_teleporter_use\":false,\"_ob_column_hoveranimator\":\"no\",\"_ob_column_has_pseudo\":\"no\"}\">\n<div class=\"elementor-widget-wrap elementor-element-populated\">\n<div class=\"elementor-element elementor-element-84ec240 ob-harakiri-inherit ob-has-background-overlay elementor-widget elementor-widget-text-editor ob-harakiri\" data-id=\"84ec240\" data-element_type=\"widget\" data-settings=\"{\"_ob_use_harakiri\":\"yes\",\"_ob_harakiri_writing_mode\":\"inherit\",\"_ob_postman_use\":\"no\",\"_ob_perspektive_use\":\"no\",\"_ob_poopart_use\":\"yes\",\"_ob_shadough_use\":\"no\",\"_ob_allow_hoveranimator\":\"no\",\"_ob_widget_stalker_use\":\"no\"}\" data-widget_type=\"text-editor.default\">\n<div class=\"elementor-widget-container\">EG Paper fabrique des HPF utilis\u00e9s entre les cartons de couverture sup\u00e9rieur et inf\u00e9rieur des bo\u00eetes en carton, assurant un amortissement fiable, une r\u00e9sistance \u00e0 l&#8217;empilage sup\u00e9rieure et un formage et un collage \u00e0 grande vitesse sur les onduleuses. Pour le stockage, les HPF sont recouverts d&rsquo;une b\u00e2che en poly\u00e9thyl\u00e8ne extensible pour une protection et une efficacit\u00e9 maximales.<\/div>\n<\/div>\n<\/div>\n<\/div>\n<\/div>\n<\/section>\n","protected":false},"excerpt":{"rendered":"<p>EG Paper fabrique des HPF (High Protection Filters) utilis\u00e9s entre les cartons de couverture sup\u00e9rieur et inf\u00e9rieur des bo\u00eetes en carton.<\/p>\n","protected":false},"featured_media":3152,"comment_status":"open","ping_status":"closed","template":"","meta":{"_acf_changed":false},"product_brand":[],"product_cat":[63,19],"product_tag":[],"class_list":{"0":"post-3155","1":"product","2":"type-product","3":"status-publish","4":"has-post-thumbnail","6":"product_cat-egpaper-fr","7":"product_cat-uncategorized","9":"first","10":"instock","11":"shipping-taxable","12":"product-type-simple"},"acf":[],"_links":{"self":[{"href":"https:\/\/elsoudi-paper.com\/fr\/wp-json\/wp\/v2\/product\/3155","targetHints":{"allow":["GET"]}}],"collection":[{"href":"https:\/\/elsoudi-paper.com\/fr\/wp-json\/wp\/v2\/product"}],"about":[{"href":"https:\/\/elsoudi-paper.com\/fr\/wp-json\/wp\/v2\/types\/product"}],"replies":[{"embeddable":true,"href":"https:\/\/elsoudi-paper.com\/fr\/wp-json\/wp\/v2\/comments?post=3155"}],"wp:featuredmedia":[{"embeddable":true,"href":"https:\/\/elsoudi-paper.com\/fr\/wp-json\/wp\/v2\/media\/3152"}],"wp:attachment":[{"href":"https:\/\/elsoudi-paper.com\/fr\/wp-json\/wp\/v2\/media?parent=3155"}],"wp:term":[{"taxonomy":"product_brand","embeddable":true,"href":"https:\/\/elsoudi-paper.com\/fr\/wp-json\/wp\/v2\/product_brand?post=3155"},{"taxonomy":"product_cat","embeddable":true,"href":"https:\/\/elsoudi-paper.com\/fr\/wp-json\/wp\/v2\/product_cat?post=3155"},{"taxonomy":"product_tag","embeddable":true,"href":"https:\/\/elsoudi-paper.com\/fr\/wp-json\/wp\/v2\/product_tag?post=3155"}],"curies":[{"name":"wp","href":"https:\/\/api.w.org\/{rel}","templated":true}]}}