{"id":3164,"date":"2026-04-01T12:06:37","date_gmt":"2026-04-01T12:06:37","guid":{"rendered":"https:\/\/elsoudi-paper.com\/product\/doublure-absorbante-en-kraft-abs\/"},"modified":"2026-04-01T14:52:38","modified_gmt":"2026-04-01T14:52:38","slug":"doublure-absorbante-en-kraft-abs","status":"publish","type":"product","link":"https:\/\/elsoudi-paper.com\/fr\/produit\/doublure-absorbante-en-kraft-abs\/","title":{"rendered":"Doublure absorbante en kraft \u2013 ABS"},"content":{"rendered":"<section class=\"ob-is-breaking-bad elementor-section elementor-top-section elementor-element elementor-element-598c81d elementor-section-boxed elementor-section-height-default elementor-section-height-default wpr-particle-no wpr-jarallax-no wpr-parallax-no wpr-sticky-section-no\" data-id=\"598c81d\" data-element_type=\"section\" data-settings=\"{\"background_background\":\"classic\",\"_ob_bbad_use_it\":\"yes\",\"_ob_bbad_sssic_use\":\"no\",\"_ob_glider_is_slider\":\"no\",\"_ha_eqh_enable\":false}\">\n<div class=\"elementor-container elementor-column-gap-default\">\n<div class=\"elementor-column elementor-col-50 elementor-top-column elementor-element elementor-element-67f16c0\" data-id=\"67f16c0\" data-element_type=\"column\" data-settings=\"{\"_ob_bbad_is_stalker\":\"no\",\"_ob_teleporter_use\":false,\"_ob_column_hoveranimator\":\"no\",\"_ob_column_has_pseudo\":\"no\"}\">\n<div class=\"elementor-widget-wrap elementor-element-populated\">\n<div class=\"elementor-element elementor-element-84ec240 ob-harakiri-inherit ob-has-background-overlay elementor-widget elementor-widget-text-editor ob-harakiri\" data-id=\"84ec240\" data-element_type=\"widget\" data-settings=\"{\"_ob_use_harakiri\":\"yes\",\"_ob_harakiri_writing_mode\":\"inherit\",\"_ob_postman_use\":\"no\",\"_ob_perspektive_use\":\"no\",\"_ob_poopart_use\":\"yes\",\"_ob_shadough_use\":\"no\",\"_ob_allow_hoveranimator\":\"no\",\"_ob_widget_stalker_use\":\"no\"}\" data-widget_type=\"text-editor.default\">\n<div class=\"elementor-widget-container\">EG Paper produit du Formica, utilis\u00e9 dans la fabrication de stratifi\u00e9s d\u00e9coratifs pour la finition de surfaces planes. Ce mat\u00e9riau pr\u00e9sente des propri\u00e9t\u00e9s telles qu&rsquo;une p\u00e9n\u00e9tration rapide de la r\u00e9sine et une orientation uniforme des fibres. Pour le stockage, nos produits en ABS sont recouverts d&rsquo;un film \u00e9tirable en poly\u00e9thyl\u00e8ne pour une protection et une efficacit\u00e9 maximales. <\/div>\n<\/div>\n<\/div>\n<\/div>\n<\/div>\n<\/section>\n","protected":false},"excerpt":{"rendered":"<div class=\"elementor elementor-2421 e-loop-item e-loop-item-2515 post-2515 products type-products status-publish has-post-thumbnail hentry category-eg-paper\" data-elementor-type=\"loop-item\" data-elementor-id=\"2421\" data-elementor-settings=\"{\"ha_cmc_init_switcher\":\"no\"}\" data-elementor-post-type=\"elementor_library\" data-custom-edit-handle=\"1\">\n<section class=\"ob-is-breaking-bad elementor-section elementor-top-section elementor-element elementor-element-5738836 elementor-section-boxed elementor-section-height-default elementor-section-height-default wpr-particle-no wpr-jarallax-no wpr-parallax-no wpr-sticky-section-no\" data-id=\"5738836\" data-element_type=\"section\" data-settings=\"{\"_ob_bbad_use_it\":\"yes\",\"_ob_bbad_sssic_use\":\"no\",\"_ob_glider_is_slider\":\"no\",\"_ha_eqh_enable\":false}\">\n<div class=\"elementor-container elementor-column-gap-default\">\n<div class=\"elementor-column elementor-col-100 elementor-top-column elementor-element elementor-element-e316df8\" data-id=\"e316df8\" data-element_type=\"column\" data-settings=\"{\"_ob_bbad_is_stalker\":\"no\",\"_ob_teleporter_use\":false,\"_ob_column_hoveranimator\":\"no\",\"_ob_column_has_pseudo\":\"no\"}\">\n<div class=\"elementor-widget-wrap elementor-element-populated\">\n<div class=\"elementor-element elementor-element-f66c695 elementor-position-top ha-has-bg-overlay ob-has-background-overlay elementor-widget elementor-widget-image-box\" data-id=\"f66c695\" data-element_type=\"widget\" data-settings=\"{\"_ob_perspektive_use\":\"no\",\"_ob_poopart_use\":\"yes\",\"_ob_shadough_use\":\"no\",\"_ob_allow_hoveranimator\":\"no\",\"_ob_widget_stalker_use\":\"no\"}\" data-widget_type=\"image-box.default\">\n<div class=\"elementor-widget-container\">\n<div class=\"elementor-image-box-wrapper\">\n<div class=\"elementor-image-box-content\">\n<p class=\"elementor-image-box-description\">EG Paper produit le Formica, utilis\u00e9 dans la fabrication de stratifi\u00e9s d\u00e9coratifs pour surfaces planes&#8230;<\/p>\n<\/div>\n<\/div>\n<\/div>\n<\/div>\n<\/div>\n<\/div>\n<\/div>\n<\/section>\n<\/div>\n","protected":false},"featured_media":3162,"comment_status":"open","ping_status":"closed","template":"","meta":{"_acf_changed":false},"product_brand":[],"product_cat":[63,19],"product_tag":[],"class_list":{"0":"post-3164","1":"product","2":"type-product","3":"status-publish","4":"has-post-thumbnail","6":"product_cat-egpaper-fr","7":"product_cat-uncategorized","9":"first","10":"instock","11":"shipping-taxable","12":"product-type-simple"},"acf":[],"_links":{"self":[{"href":"https:\/\/elsoudi-paper.com\/fr\/wp-json\/wp\/v2\/product\/3164","targetHints":{"allow":["GET"]}}],"collection":[{"href":"https:\/\/elsoudi-paper.com\/fr\/wp-json\/wp\/v2\/product"}],"about":[{"href":"https:\/\/elsoudi-paper.com\/fr\/wp-json\/wp\/v2\/types\/product"}],"replies":[{"embeddable":true,"href":"https:\/\/elsoudi-paper.com\/fr\/wp-json\/wp\/v2\/comments?post=3164"}],"wp:featuredmedia":[{"embeddable":true,"href":"https:\/\/elsoudi-paper.com\/fr\/wp-json\/wp\/v2\/media\/3162"}],"wp:attachment":[{"href":"https:\/\/elsoudi-paper.com\/fr\/wp-json\/wp\/v2\/media?parent=3164"}],"wp:term":[{"taxonomy":"product_brand","embeddable":true,"href":"https:\/\/elsoudi-paper.com\/fr\/wp-json\/wp\/v2\/product_brand?post=3164"},{"taxonomy":"product_cat","embeddable":true,"href":"https:\/\/elsoudi-paper.com\/fr\/wp-json\/wp\/v2\/product_cat?post=3164"},{"taxonomy":"product_tag","embeddable":true,"href":"https:\/\/elsoudi-paper.com\/fr\/wp-json\/wp\/v2\/product_tag?post=3164"}],"curies":[{"name":"wp","href":"https:\/\/api.w.org\/{rel}","templated":true}]}}