{"id":3176,"date":"2026-04-01T12:12:10","date_gmt":"2026-04-01T12:12:10","guid":{"rendered":"https:\/\/elsoudi-paper.com\/product\/test-liner-2\/"},"modified":"2026-04-01T14:52:38","modified_gmt":"2026-04-01T14:52:38","slug":"test-liner-2","status":"publish","type":"product","link":"https:\/\/elsoudi-paper.com\/fr\/produit\/test-liner-2\/","title":{"rendered":"DOUBLURE DE TEST 2"},"content":{"rendered":"<section class=\"ob-is-breaking-bad elementor-section elementor-top-section elementor-element elementor-element-598c81d elementor-section-boxed elementor-section-height-default elementor-section-height-default wpr-particle-no wpr-jarallax-no wpr-parallax-no wpr-sticky-section-no\" data-id=\"598c81d\" data-element_type=\"section\" data-settings=\"{\">\n<div class=\"elementor-container elementor-column-gap-default\">\n<div class=\"elementor-column elementor-col-50 elementor-top-column elementor-element elementor-element-67f16c0\" data-id=\"67f16c0\" data-element_type=\"column\" data-settings=\"{\">\n<div class=\"elementor-widget-wrap elementor-element-populated\">\n<div class=\"elementor-element elementor-element-84ec240 ob-harakiri-inherit ob-has-background-overlay elementor-widget elementor-widget-text-editor ob-harakiri\" data-id=\"84ec240\" data-element_type=\"widget\" data-settings=\"{\" data-widget_type=\"text-editor.default\">\n<div class=\"elementor-widget-container\">EG Paper fabrique les couches de couverture et de parement des bo\u00eetes en carton et du carton ondul\u00e9, garantissant une surface lisse, une qualit\u00e9 sup\u00e9rieure, une r\u00e9sistance fiable \u00e0 la compression et \u00e0 l&#8217;empilement, ainsi que des propri\u00e9t\u00e9s d&rsquo;imperm\u00e9abilit\u00e9. La couche de test est compos\u00e9e \u00e0 100 % de fibres recycl\u00e9es et de colorants, ce qui lui conf\u00e8re une couleur optique stable. L&rsquo;ajout d&rsquo;amidon assure la r\u00e9sistance de la couche de test, tandis que le traitement de surface, incluant l&rsquo;ajout d&rsquo;adh\u00e9sifs synth\u00e9tiques, optimise l&rsquo;imprimabilit\u00e9 du papier. Pour le stockage, nos produits Test Liner 2 sont conditionn\u00e9s sous film \u00e9tirable en poly\u00e9thyl\u00e8ne pour une protection et une efficacit\u00e9 maximales.<\/div>\n<\/div>\n<\/div>\n<\/div>\n<\/div>\n<\/section>\n","protected":false},"excerpt":{"rendered":"<p>EG Paper fabrique les couches int\u00e9rieures et ext\u00e9rieures (papier de parement) des bo\u00eetes en carton et du carton ondul\u00e9.<\/p>\n","protected":false},"featured_media":3166,"comment_status":"open","ping_status":"closed","template":"","meta":{"_acf_changed":false},"product_brand":[],"product_cat":[63,19],"product_tag":[],"class_list":{"0":"post-3176","1":"product","2":"type-product","3":"status-publish","4":"has-post-thumbnail","6":"product_cat-egpaper-fr","7":"product_cat-uncategorized","9":"first","10":"instock","11":"shipping-taxable","12":"product-type-simple"},"acf":[],"_links":{"self":[{"href":"https:\/\/elsoudi-paper.com\/fr\/wp-json\/wp\/v2\/product\/3176","targetHints":{"allow":["GET"]}}],"collection":[{"href":"https:\/\/elsoudi-paper.com\/fr\/wp-json\/wp\/v2\/product"}],"about":[{"href":"https:\/\/elsoudi-paper.com\/fr\/wp-json\/wp\/v2\/types\/product"}],"replies":[{"embeddable":true,"href":"https:\/\/elsoudi-paper.com\/fr\/wp-json\/wp\/v2\/comments?post=3176"}],"wp:featuredmedia":[{"embeddable":true,"href":"https:\/\/elsoudi-paper.com\/fr\/wp-json\/wp\/v2\/media\/3166"}],"wp:attachment":[{"href":"https:\/\/elsoudi-paper.com\/fr\/wp-json\/wp\/v2\/media?parent=3176"}],"wp:term":[{"taxonomy":"product_brand","embeddable":true,"href":"https:\/\/elsoudi-paper.com\/fr\/wp-json\/wp\/v2\/product_brand?post=3176"},{"taxonomy":"product_cat","embeddable":true,"href":"https:\/\/elsoudi-paper.com\/fr\/wp-json\/wp\/v2\/product_cat?post=3176"},{"taxonomy":"product_tag","embeddable":true,"href":"https:\/\/elsoudi-paper.com\/fr\/wp-json\/wp\/v2\/product_tag?post=3176"}],"curies":[{"name":"wp","href":"https:\/\/api.w.org\/{rel}","templated":true}]}}