{"id":3185,"date":"2026-04-01T13:06:35","date_gmt":"2026-04-01T13:06:35","guid":{"rendered":"https:\/\/elsoudi-paper.com\/product\/doublure-de-test-1\/"},"modified":"2026-04-01T14:54:07","modified_gmt":"2026-04-01T14:54:07","slug":"doublure-de-test-1","status":"publish","type":"product","link":"https:\/\/elsoudi-paper.com\/fr\/produit\/doublure-de-test-1\/","title":{"rendered":"DOUBLURE DE TEST 1"},"content":{"rendered":"<section class=\"ob-is-breaking-bad elementor-section elementor-top-section elementor-element elementor-element-598c81d elementor-section-boxed elementor-section-height-default elementor-section-height-default wpr-particle-no wpr-jarallax-no wpr-parallax-no wpr-sticky-section-no\" data-id=\"598c81d\" data-element_type=\"section\" data-settings=\"{\">\n<div class=\"elementor-container elementor-column-gap-default\">\n<div class=\"elementor-column elementor-col-50 elementor-top-column elementor-element elementor-element-67f16c0\" data-id=\"67f16c0\" data-element_type=\"column\" data-settings=\"{\">\n<div class=\"elementor-widget-wrap elementor-element-populated\">\n<div class=\"elementor-element elementor-element-84ec240 ob-harakiri-inherit ob-has-background-overlay elementor-widget elementor-widget-text-editor ob-harakiri\" data-id=\"84ec240\" data-element_type=\"widget\" data-settings=\"{\" data-widget_type=\"text-editor.default\">\n<div class=\"elementor-widget-container\">EG Paper fabrique les couches int\u00e9rieures et ext\u00e9rieures (papier de couverture) des bo\u00eetes en carton et du carton ondul\u00e9, garantissant une surface lisse, une tr\u00e8s haute qualit\u00e9, une r\u00e9sistance fiable \u00e0 la compression et \u00e0 l&#8217;empilement, ainsi que des propri\u00e9t\u00e9s de r\u00e9sistance \u00e0 l&rsquo;eau. Le test liner est fabriqu\u00e9 \u00e0 partir de fibres 100 % recycl\u00e9es, ce qui conf\u00e8re une couleur optique stable. L&rsquo;ajout d&rsquo;amidon garantit la r\u00e9sistance du test liner et le traitement de surface, impliquant l&rsquo;ajout d&rsquo;adh\u00e9sifs synth\u00e9tiques, optimise l&rsquo;imprimabilit\u00e9 du papier. Pour le stockage, nos produits Test Liner 1 sont recouverts de film \u00e9tirable en poly\u00e9thyl\u00e8ne pour une protection et une efficacit\u00e9 maximales.<\/div>\n<\/div>\n<\/div>\n<\/div>\n<\/div>\n<\/section>\n","protected":false},"excerpt":{"rendered":"<p>EG Paper fabrique les couches int\u00e9rieures et ext\u00e9rieures (papier de parement) des bo\u00eetes en carton et du carton ondul\u00e9.<\/p>\n","protected":false},"featured_media":3178,"comment_status":"open","ping_status":"closed","template":"","meta":{"_acf_changed":false},"product_brand":[],"product_cat":[63],"product_tag":[],"class_list":{"0":"post-3185","1":"product","2":"type-product","3":"status-publish","4":"has-post-thumbnail","6":"product_cat-egpaper-fr","8":"first","9":"instock","10":"shipping-taxable","11":"product-type-simple"},"acf":[],"_links":{"self":[{"href":"https:\/\/elsoudi-paper.com\/fr\/wp-json\/wp\/v2\/product\/3185","targetHints":{"allow":["GET"]}}],"collection":[{"href":"https:\/\/elsoudi-paper.com\/fr\/wp-json\/wp\/v2\/product"}],"about":[{"href":"https:\/\/elsoudi-paper.com\/fr\/wp-json\/wp\/v2\/types\/product"}],"replies":[{"embeddable":true,"href":"https:\/\/elsoudi-paper.com\/fr\/wp-json\/wp\/v2\/comments?post=3185"}],"wp:featuredmedia":[{"embeddable":true,"href":"https:\/\/elsoudi-paper.com\/fr\/wp-json\/wp\/v2\/media\/3178"}],"wp:attachment":[{"href":"https:\/\/elsoudi-paper.com\/fr\/wp-json\/wp\/v2\/media?parent=3185"}],"wp:term":[{"taxonomy":"product_brand","embeddable":true,"href":"https:\/\/elsoudi-paper.com\/fr\/wp-json\/wp\/v2\/product_brand?post=3185"},{"taxonomy":"product_cat","embeddable":true,"href":"https:\/\/elsoudi-paper.com\/fr\/wp-json\/wp\/v2\/product_cat?post=3185"},{"taxonomy":"product_tag","embeddable":true,"href":"https:\/\/elsoudi-paper.com\/fr\/wp-json\/wp\/v2\/product_tag?post=3185"}],"curies":[{"name":"wp","href":"https:\/\/api.w.org\/{rel}","templated":true}]}}