{"id":3265,"date":"2026-04-02T09:55:54","date_gmt":"2026-04-02T09:55:54","guid":{"rendered":"https:\/\/elsoudi-paper.com\/product\/white-top-1-carta-1\/"},"modified":"2026-04-02T12:08:39","modified_gmt":"2026-04-02T12:08:39","slug":"white-top-1-carta-1","status":"publish","type":"product","link":"https:\/\/elsoudi-paper.com\/fr\/produit\/white-top-1-carta-1\/","title":{"rendered":"White Top 1 (Carta 1)"},"content":{"rendered":"<section class=\"ob-is-breaking-bad elementor-section elementor-top-section elementor-element elementor-element-598c81d elementor-section-boxed elementor-section-height-default elementor-section-height-default wpr-particle-no wpr-jarallax-no wpr-parallax-no wpr-sticky-section-no\" data-id=\"598c81d\" data-element_type=\"section\" data-settings=\"{\"background_background\":\"classic\",\"_ob_bbad_use_it\":\"yes\",\"_ob_bbad_sssic_use\":\"no\",\"_ob_glider_is_slider\":\"no\",\"_ha_eqh_enable\":false}\">\n<div class=\"elementor-container elementor-column-gap-default\">\n<div class=\"elementor-column elementor-col-50 elementor-top-column elementor-element elementor-element-67f16c0\" data-id=\"67f16c0\" data-element_type=\"column\" data-settings=\"{\"_ob_bbad_is_stalker\":\"no\",\"_ob_teleporter_use\":false,\"_ob_column_hoveranimator\":\"no\",\"_ob_column_has_pseudo\":\"no\"}\">\n<div class=\"elementor-widget-wrap elementor-element-populated\">\n<div class=\"elementor-element elementor-element-84ec240 ob-harakiri-inherit ob-has-background-overlay elementor-widget elementor-widget-text-editor ob-harakiri\" data-id=\"84ec240\" data-element_type=\"widget\" data-settings=\"{\"_ob_use_harakiri\":\"yes\",\"_ob_harakiri_writing_mode\":\"inherit\",\"_ob_postman_use\":\"no\",\"_ob_perspektive_use\":\"no\",\"_ob_poopart_use\":\"yes\",\"_ob_shadough_use\":\"no\",\"_ob_allow_hoveranimator\":\"no\",\"_ob_widget_stalker_use\":\"no\"}\" data-widget_type=\"text-editor.default\">\n<div class=\"elementor-widget-container\">Papier blanc dessus \/ dos gris (130\u2013200 g\/m\u00b2), utilis\u00e9 pour les cartons ondul\u00e9s blancs. Il est principalement compos\u00e9 de quatre couches, avec une surface lisse, et fabriqu\u00e9 \u00e0 partir de mat\u00e9riaux 100 % recycl\u00e9s. La couche sup\u00e9rieure est calandr\u00e9e afin d\u2019assurer un r\u00e9sultat d\u2019impression optimal. Le grammage varie de 130 \u00e0 200 g\/m\u00b2, avec une laize (deckle) de 2600 mm. Il s\u2019agit d\u2019un carton rigide et r\u00e9sistant, adapt\u00e9 \u00e0 l\u2019impression et largement utilis\u00e9 dans l\u2019emballage alimentaire.  <\/div>\n<\/div>\n<\/div>\n<\/div>\n<\/div>\n<\/section>\n","protected":false},"excerpt":{"rendered":"<p>Papier blanc dessus \/ dos gris (130\u2013200 g\/m\u00b2), utilis\u00e9 dans les cartons ondul\u00e9s blancs<\/p>\n","protected":false},"featured_media":3260,"comment_status":"open","ping_status":"closed","template":"","meta":{"_acf_changed":false},"product_brand":[],"product_cat":[62],"product_tag":[],"class_list":{"0":"post-3265","1":"product","2":"type-product","3":"status-publish","4":"has-post-thumbnail","6":"product_cat-carta-misr-fr","8":"first","9":"instock","10":"shipping-taxable","11":"product-type-simple"},"acf":[],"_links":{"self":[{"href":"https:\/\/elsoudi-paper.com\/fr\/wp-json\/wp\/v2\/product\/3265","targetHints":{"allow":["GET"]}}],"collection":[{"href":"https:\/\/elsoudi-paper.com\/fr\/wp-json\/wp\/v2\/product"}],"about":[{"href":"https:\/\/elsoudi-paper.com\/fr\/wp-json\/wp\/v2\/types\/product"}],"replies":[{"embeddable":true,"href":"https:\/\/elsoudi-paper.com\/fr\/wp-json\/wp\/v2\/comments?post=3265"}],"wp:featuredmedia":[{"embeddable":true,"href":"https:\/\/elsoudi-paper.com\/fr\/wp-json\/wp\/v2\/media\/3260"}],"wp:attachment":[{"href":"https:\/\/elsoudi-paper.com\/fr\/wp-json\/wp\/v2\/media?parent=3265"}],"wp:term":[{"taxonomy":"product_brand","embeddable":true,"href":"https:\/\/elsoudi-paper.com\/fr\/wp-json\/wp\/v2\/product_brand?post=3265"},{"taxonomy":"product_cat","embeddable":true,"href":"https:\/\/elsoudi-paper.com\/fr\/wp-json\/wp\/v2\/product_cat?post=3265"},{"taxonomy":"product_tag","embeddable":true,"href":"https:\/\/elsoudi-paper.com\/fr\/wp-json\/wp\/v2\/product_tag?post=3265"}],"curies":[{"name":"wp","href":"https:\/\/api.w.org\/{rel}","templated":true}]}}