{"id":3277,"date":"2026-04-02T10:02:46","date_gmt":"2026-04-02T10:02:46","guid":{"rendered":"https:\/\/elsoudi-paper.com\/product\/test-liner-2-2\/"},"modified":"2026-04-02T12:02:04","modified_gmt":"2026-04-02T12:02:04","slug":"test-liner-2-2","status":"publish","type":"product","link":"https:\/\/elsoudi-paper.com\/fr\/produit\/test-liner-2-2\/","title":{"rendered":"TEST LINER 2"},"content":{"rendered":"<section class=\"ob-is-breaking-bad elementor-section elementor-top-section elementor-element elementor-element-598c81d elementor-section-boxed elementor-section-height-default elementor-section-height-default wpr-particle-no wpr-jarallax-no wpr-parallax-no wpr-sticky-section-no\" data-id=\"598c81d\" data-element_type=\"section\" data-settings=\"{\"background_background\":\"classic\",\"_ob_bbad_use_it\":\"yes\",\"_ob_bbad_sssic_use\":\"no\",\"_ob_glider_is_slider\":\"no\",\"_ha_eqh_enable\":false}\">\n<div class=\"elementor-container elementor-column-gap-default\">\n<div class=\"elementor-column elementor-col-50 elementor-top-column elementor-element elementor-element-67f16c0\" data-id=\"67f16c0\" data-element_type=\"column\" data-settings=\"{\"_ob_bbad_is_stalker\":\"no\",\"_ob_teleporter_use\":false,\"_ob_column_hoveranimator\":\"no\",\"_ob_column_has_pseudo\":\"no\"}\">\n<div class=\"elementor-widget-wrap elementor-element-populated\">\n<div class=\"elementor-element elementor-element-84ec240 ob-harakiri-inherit ob-has-background-overlay elementor-widget elementor-widget-text-editor ob-harakiri\" data-id=\"84ec240\" data-element_type=\"widget\" data-settings=\"{\"_ob_use_harakiri\":\"yes\",\"_ob_harakiri_writing_mode\":\"inherit\",\"_ob_postman_use\":\"no\",\"_ob_perspektive_use\":\"no\",\"_ob_poopart_use\":\"yes\",\"_ob_shadough_use\":\"no\",\"_ob_allow_hoveranimator\":\"no\",\"_ob_widget_stalker_use\":\"no\"}\" data-widget_type=\"text-editor.default\">\n<div class=\"elementor-widget-container\">Carta Misr fabrique le liner ainsi que les couches ext\u00e9rieures (papier de face) des bo\u00eetes en carton et du carton ondul\u00e9, en garantissant une surface lisse,une haute qualit\u00e9, ainsi qu\u2019une excellente r\u00e9sistance \u00e0 la compression et \u00e0 l\u2019empilage, en plus de propri\u00e9t\u00e9s de r\u00e9sistance \u00e0 l\u2019humidit\u00e9. Le testliner est fabriqu\u00e9 \u00e0 partir de fibres 100 % recycl\u00e9es et d\u2019agents colorants,  assurant une stabilit\u00e9 de la teinte. L\u2019ajout d\u2019amidon garantit la r\u00e9sistance du testliner, tandis que le traitement de surface, impliquant l\u2019ajout d\u2019adh\u00e9sifs synth\u00e9tiques, permet d\u2019optimiser l\u2019imprimabilit\u00e9 du papier.Pour le stockage, nos produits Testliner 2 sont prot\u00e9g\u00e9s par un film \u00e9tirable en poly\u00e9thyl\u00e8ne, assurant une protection maximale et une meilleure efficacit\u00e9 logistique.<\/div>\n<\/div>\n<\/div>\n<\/div>\n<\/div>\n<\/section>\n","protected":false},"excerpt":{"rendered":"<p>Carta Misr fabrique le liner ainsi que les couches ext\u00e9rieures (papier de face) des bo\u00eetes en carton<\/p>\n","protected":false},"featured_media":3274,"comment_status":"open","ping_status":"closed","template":"","meta":{"_acf_changed":false},"product_brand":[],"product_cat":[62],"product_tag":[],"class_list":{"0":"post-3277","1":"product","2":"type-product","3":"status-publish","4":"has-post-thumbnail","6":"product_cat-carta-misr-fr","8":"first","9":"instock","10":"shipping-taxable","11":"product-type-simple"},"acf":[],"_links":{"self":[{"href":"https:\/\/elsoudi-paper.com\/fr\/wp-json\/wp\/v2\/product\/3277","targetHints":{"allow":["GET"]}}],"collection":[{"href":"https:\/\/elsoudi-paper.com\/fr\/wp-json\/wp\/v2\/product"}],"about":[{"href":"https:\/\/elsoudi-paper.com\/fr\/wp-json\/wp\/v2\/types\/product"}],"replies":[{"embeddable":true,"href":"https:\/\/elsoudi-paper.com\/fr\/wp-json\/wp\/v2\/comments?post=3277"}],"wp:featuredmedia":[{"embeddable":true,"href":"https:\/\/elsoudi-paper.com\/fr\/wp-json\/wp\/v2\/media\/3274"}],"wp:attachment":[{"href":"https:\/\/elsoudi-paper.com\/fr\/wp-json\/wp\/v2\/media?parent=3277"}],"wp:term":[{"taxonomy":"product_brand","embeddable":true,"href":"https:\/\/elsoudi-paper.com\/fr\/wp-json\/wp\/v2\/product_brand?post=3277"},{"taxonomy":"product_cat","embeddable":true,"href":"https:\/\/elsoudi-paper.com\/fr\/wp-json\/wp\/v2\/product_cat?post=3277"},{"taxonomy":"product_tag","embeddable":true,"href":"https:\/\/elsoudi-paper.com\/fr\/wp-json\/wp\/v2\/product_tag?post=3277"}],"curies":[{"name":"wp","href":"https:\/\/api.w.org\/{rel}","templated":true}]}}